{"id":11502,"date":"2019-03-21T15:20:48","date_gmt":"2019-03-21T20:20:48","guid":{"rendered":"https:\/\/claretianocucuta.edu.co\/web\/?page_id=11502"},"modified":"2022-01-24T18:09:41","modified_gmt":"2022-01-24T23:09:41","slug":"nuestro-colegio","status":"publish","type":"page","link":"https:\/\/claretianocucuta.edu.co\/web\/nuestro-colegio\/","title":{"rendered":"Nuestro Colegio"},"content":{"rendered":"<div class=\"wpb-content-wrapper\"><p>[vc_row][vc_column]<div class=\"thim-widget-heading template-base\"><div class=\"sc_heading  text-center\"><h3 style=\"font-size:35px;font-weight:600;\" class=\"title\">Informaci\u00f3n <strong>Institucional<\/strong><\/h3><\/div><\/div>[\/vc_column][\/vc_row][vc_row css=\u00bb.vc_custom_1559531433775{margin-bottom: 15px !important;}\u00bb][vc_column width=\u00bb1\/2&#8243; css=\u00bb.vc_custom_1562079432419{margin-bottom: 30px !important;}\u00bb][vc_column_text]<\/p>\n<h3 class=\"thim-text-title\">Misi\u00f3n<\/h3>\n<p><span style=\"font-weight: 400;\">Somos una comunidad educativa que busca la formaci\u00f3n de personas integras, con valores y principios espirituales, \u00e9ticos y ciudadanos, lideres emprendedores con capacidad de transformaci\u00f3n social, siguiendo el horizonte institucional, en el que se acepta,\u00a0 asume y proyecta la propuesta de hombre y comunidad desde la ense\u00f1anza de Jes\u00fas.<\/span><\/p>\n<p><span style=\"font-weight: 400;\">Contamos con un equipo humano de alta calidad profesional en permanente cualificaci\u00f3n en un proyecto pedag\u00f3gico incluyente, inspirado en el evangelio al estilo de San Antonio Maria Claret, construido a la luz de la legislaci\u00f3n educativa Colombiana, encaminado a la formaci\u00f3n t\u00e9cnica en convenio con la fundaci\u00f3n de estudios superiores \u00b4\u00b4FESC\u00b4\u00b4.<\/span>[\/vc_column_text][\/vc_column][vc_column width=\u00bb1\/2&#8243; css=\u00bb.vc_custom_1562079419863{margin-bottom: 30px !important;}\u00bb][vc_column_text]<\/p>\n<h3 class=\"thim-text-title\">Visi\u00f3n<\/h3>\n<p><span style=\"font-weight: 400;\">Para el a\u00f1o 2024 <\/span><span style=\"font-weight: 400;\">el Colegio Claretiano de C\u00facuta, orientado por Los Misioneros Claretianos, ser\u00e1 una comunidad acad\u00e9mica reconocida como instituci\u00f3n evangelizadora; consolidada en el liderazgo de la educaci\u00f3n integral; comprometida con la proyecci\u00f3n de vida y la promoci\u00f3n de la justicia y la paz; enfocada en el acompa\u00f1amiento a estudiantes y padres de familia, desde la exigencia acad\u00e9mica y formaci\u00f3n en principios humanos, cristianos y claretianos generando cambios en la sociedad desde la perspectiva de la integralidad.<\/span>[\/vc_column_text][\/vc_column][vc_column][vc_column_text]<\/p>\n<h3 class=\"thim-text-title\">PERFIL DEL EDUCANDO<\/h3>\n<p>El perfil del educando se define desde el proyecto de alteridad de Jes\u00fas de Nazaret, y el talante misionero de San Antonio Mar\u00eda Claret. Esta autorrepresentaci\u00f3n da sentido a la acci\u00f3n educativa y a\u00fana los esfuerzos formativos en aras de conseguir la formaci\u00f3n integral de los estudiantes de la Instituci\u00f3n. Siguiendo con una pedagog\u00eda consecuente, con la propuesta claretiana de formaci\u00f3n en valores ciudadanos y conocimientos acad\u00e9micos; el educando egresado de la instituci\u00f3n, tiene la capacidad y competencia t\u00e9cnica en mantenimiento y reparaci\u00f3n de computadores de escritorio. Los elementos constitutivos de este perfil propenden por lograr una persona \u00edntegra que:<\/p>\n<ul class=\"numbered_list\">\n<li style=\"list-style-type: none;\">\n<ul class=\"numbered_list\">\n<li>Sea testimonio aut\u00e9ntico de altos valores \u00e9ticos y morales.<\/li>\n<li>Valore y respete la vida y la intimidad propia de las otras personas.<\/li>\n<li>Se comunique y est\u00e9 con los dem\u00e1s como persona comprometida, con capacidad para dialogar, concretar, decidir y realizar el bien com\u00fan, en la preminencia del inter\u00e9s general sobre particular.<\/li>\n<li>Posea un saber social, entendido como un saber cultural y acad\u00e9mico, v\u00e1lido para vivir, convivir y proyectarse como una persona segura de s\u00ed misma, ubicada sicol\u00f3gica y socialmente.<\/li>\n<li>Proteja su salud y la de todos los seres vivos valorando las normas de medicina, higiene con una percepci\u00f3n positiva de su cuerpo y del planeta del cual formamos parte.<\/li>\n<li>Sea responsable en el manejo de la libertad, iluminada por la vivencia de valores como la solidaridad; la lealtad, la honestidad, la fe, la sinceridad, la tolerancia, la fraternidad, la justicia, la esperanza, el servicio a los m\u00e1s necesitados y la defensa continua y constante de la dignidad del hombre.<\/li>\n<li>Sea una persona cort\u00e9s, elegante, veraz, puntual, de modales distinguidos, de excelente presentaci\u00f3n personal, de firme palabra y de fino vocabulario.<\/li>\n<li>Sea c\u00edvico, orgulloso de ser colombiano, amante y defensor de la patria, de sus s\u00edmbolos y tradiciones.<\/li>\n<li>Una persona que desarrolle los valores cristianos, orient\u00e1ndolos a la pr\u00e1ctica de la caridad en todos los aspectos de desenvolvimiento personal y social.<\/li>\n<\/ul>\n<\/li>\n<\/ul>\n<p>[\/vc_column_text][\/vc_column][\/vc_row][vc_row][vc_column]<div class=\"thim-widget-heading template-base\"><div class=\"sc_heading  text-center\"><h3 class=\"title\">S\u00edmbolos <strong>Institucionales<\/strong><\/h3><span class=\"line\"><\/span><\/div><\/div>[vc_row_inner][vc_column_inner width=\u00bb1\/2&#8243;][vc_column_text]<\/p>\n<h3 class=\"thim-text-title\">BANDERA<\/h3>\n<p>[\/vc_column_text][vc_column_text]<img decoding=\"async\" class=\"alignright\" src=\"https:\/\/claretianocucuta.edu.co\/web\/wp-content\/uploads\/2019\/07\/ef5915_75945729e0c7aaf38ca8f9d68643b069.jpg\" \/>La bandera del Colegio Claretiano, ligada a los colores institucionales de amarillo y verde, dividida en dos franjas horizontales. Cada color esquematiza un significado especial; el amarillo imagen del sol, representa la luz de la sabidur\u00eda. El color verde, en armon\u00eda con la naturaleza, simboliza la paz de nuestro trabajo y nuestra misi\u00f3n.[\/vc_column_text][\/vc_column_inner][vc_column_inner width=\u00bb1\/2&#8243;][vc_column_text]<\/p>\n<h3 class=\"thim-text-title\">ESCUDO<\/h3>\n<p>[\/vc_column_text][vc_column_text]<img loading=\"lazy\" decoding=\"async\" class=\" wp-image-12248 alignleft\" src=\"https:\/\/claretianocucuta.edu.co\/web\/wp-content\/uploads\/2020\/09\/Escudo-Colegio-Claretiano-de-C\u00facuta-300x229.jpg\" alt=\"\" width=\"169\" height=\"129\" srcset=\"https:\/\/claretianocucuta.edu.co\/web\/wp-content\/uploads\/2020\/09\/Escudo-Colegio-Claretiano-de-C\u00facuta-300x229.jpg 300w, https:\/\/claretianocucuta.edu.co\/web\/wp-content\/uploads\/2020\/09\/Escudo-Colegio-Claretiano-de-C\u00facuta-768x585.jpg 768w, https:\/\/claretianocucuta.edu.co\/web\/wp-content\/uploads\/2020\/09\/Escudo-Colegio-Claretiano-de-C\u00facuta.jpg 945w\" sizes=\"auto, (max-width: 169px) 100vw, 169px\" \/>La representaci\u00f3n de la antorcha con la flama encendida en rojo saturado al 100%, indica la ense\u00f1anza de Jes\u00fas y el esp\u00edritu de Claret en nuestra Comunidad Educativa Claretiana, quienes iluminan nuestro caminar educativo. El escudo Claretiano emplea los colores institucionales de amarillo, en representaci\u00f3n del sol como la luz de la sabidur\u00eda. El color verde, signo de esperanza, fortaleza, estabilidad y armon\u00eda del ser con la naturaleza, nos enmarca en la b\u00fasqueda de la transformaci\u00f3n del mundo seg\u00fan la propuesta de vida de Jes\u00fas.[\/vc_column_text][\/vc_column_inner][vc_column_inner][vc_column_text css=\u00bb.vc_custom_1562080472427{margin-top: 50px !important;}\u00bb]<\/p>\n<h3 class=\"thim-text-title\">HIMNO<\/h3>\n<p>[\/vc_column_text][vc_column_text]De acuerdo a la tradici\u00f3n y los conocedores, este himno naci\u00f3 en la escuela art\u00edstica Lasallista. La letra y la m\u00fasica se arrullan con dejo so\u00f1ador y alma que ambiciona el saber y la virtud, con anhelos de grandeza labrada y conquistada. El himno del colegio ostenta una doble paternidad. Su letra es autor\u00eda del Padre Manuel Villaseca Poblete, profesor por muchos a\u00f1os en el Colegio; la creaci\u00f3n musical corresponde al maestro Cosme Meneses y el Padre Fernando Llanos Magallanes profesor de arte musical en las aulas del Colegio.[\/vc_column_text][\/vc_column_inner][\/vc_row_inner][\/vc_column][\/vc_row][vc_row full_width=\u00bbstretch_row_content_no_spaces\u00bb css=\u00bb.vc_custom_1562079921036{background-color: #d4ffeb !important;}\u00bb][vc_column][vc_row_inner][vc_column_inner]<div class=\"thim-widget-heading template-base\"><div class=\"sc_heading  text-center\"><h3 class=\"title\"><strong>Himno<\/strong> Institucional<\/h3><span class=\"line\"><\/span><\/div><\/div>[\/vc_column_inner][\/vc_row_inner][vc_row_inner][vc_column_inner width=\u00bb1\/3&#8243;]<div class=\"thim-widget-heading template-base\"><div class=\"sc_heading  text-center\"><h3 class=\"title\">CORO<\/h3><span class=\"line\"><\/span><\/div><\/div>[vc_column_text]<\/p>\n<div style=\"text-align: center;\">Hace tiempo venimos luchando<br \/>\ny es luchar nuestro reto y misi\u00f3n<br \/>\nClaretianos juremos unidos<br \/>\ncombatir por un mundo mejor.<\/div>\n<p>[\/vc_column_text][\/vc_column_inner][vc_column_inner width=\u00bb1\/3&#8243;]<div class=\"thim-widget-heading template-base\"><div class=\"sc_heading  text-center\"><h3 class=\"title\">I<\/h3><span class=\"line\"><\/span><\/div><\/div>[vc_column_text]<\/p>\n<div style=\"text-align: center;\">Marineros del mar de la vida<br \/>\nlas tormentas aumentan la fe<br \/>\ntras las nubes alumbran los astros<br \/>\nel sendero de un nuevo amanecer.<\/div>\n<p>[\/vc_column_text]<div class=\"thim-widget-heading template-base\"><div class=\"sc_heading  text-center\"><h3 class=\"title\">III<\/h3><span class=\"line\"><\/span><\/div><\/div>[vc_column_text]<\/p>\n<div style=\"text-align: center;\">El emblema que en alto llevamos<br \/>\nes bandera de liberaci\u00f3n<br \/>\ntiene el sol derretido en sus pliegues<br \/>\ny el verdor de esperanzas en flor.<\/div>\n<p>[\/vc_column_text][\/vc_column_inner][vc_column_inner width=\u00bb1\/3&#8243;]<div class=\"thim-widget-heading template-base\"><div class=\"sc_heading  text-center\"><h3 class=\"title\">II<\/h3><span class=\"line\"><\/span><\/div><\/div>[vc_column_text]<\/p>\n<div style=\"text-align: center;\">Somos hijos de un c\u00f3ndor gigante<br \/>\nque cubri\u00f3 con sus alas el sol<br \/>\nSan Antonio Claret el Ap\u00f3stol<br \/>\nnuestro gu\u00eda, modelo y formador.<\/div>\n<p>[\/vc_column_text][\/vc_column_inner][\/vc_row_inner][\/vc_column][\/vc_row]<\/p>\n<\/div>","protected":false},"excerpt":{"rendered":"<p>[vc_row][vc_column][\/vc_column][\/vc_row][vc_row css=\u00bb.vc_custom_1559531433775{margin-bottom: 15px !important;}\u00bb][vc_column width=\u00bb1\/2&#8243; css=\u00bb.vc_custom_1562079432419{margin-bottom: 30px !important;}\u00bb][vc_column_text] Misi\u00f3n Somos una comunidad educativa que busca la formaci\u00f3n de personas integras, con valores y principios espirituales, \u00e9ticos y ciudadanos, lideres emprendedores con capacidad de transformaci\u00f3n social, siguiendo el horizonte institucional, en &hellip; <\/p>\n","protected":false},"author":1,"featured_media":0,"parent":0,"menu_order":0,"comment_status":"closed","ping_status":"closed","template":"","meta":{"footnotes":""},"class_list":["post-11502","page","type-page","status-publish","hentry"],"_links":{"self":[{"href":"https:\/\/claretianocucuta.edu.co\/web\/wp-json\/wp\/v2\/pages\/11502","targetHints":{"allow":["GET"]}}],"collection":[{"href":"https:\/\/claretianocucuta.edu.co\/web\/wp-json\/wp\/v2\/pages"}],"about":[{"href":"https:\/\/claretianocucuta.edu.co\/web\/wp-json\/wp\/v2\/types\/page"}],"author":[{"embeddable":true,"href":"https:\/\/claretianocucuta.edu.co\/web\/wp-json\/wp\/v2\/users\/1"}],"replies":[{"embeddable":true,"href":"https:\/\/claretianocucuta.edu.co\/web\/wp-json\/wp\/v2\/comments?post=11502"}],"version-history":[{"count":9,"href":"https:\/\/claretianocucuta.edu.co\/web\/wp-json\/wp\/v2\/pages\/11502\/revisions"}],"predecessor-version":[{"id":12402,"href":"https:\/\/claretianocucuta.edu.co\/web\/wp-json\/wp\/v2\/pages\/11502\/revisions\/12402"}],"wp:attachment":[{"href":"https:\/\/claretianocucuta.edu.co\/web\/wp-json\/wp\/v2\/media?parent=11502"}],"curies":[{"name":"wp","href":"https:\/\/api.w.org\/{rel}","templated":true}]}}